{"id":422,"date":"2021-11-07T12:26:24","date_gmt":"2021-11-07T12:26:24","guid":{"rendered":"https:\/\/www.juntaislamica.org\/?page_id=422"},"modified":"2022-01-26T11:46:54","modified_gmt":"2022-01-26T11:46:54","slug":"home","status":"publish","type":"page","link":"https:\/\/www.juntaislamica.org\/","title":{"rendered":"Inicio"},"content":{"rendered":"<p>[vc_row][vc_column section_typo=&#8221;section-typo-dark&#8221;][vc_single_image image=&#8221;113&#8243; img_size=&#8221;large&#8221; alignment=&#8221;center&#8221;][vc_column_text]<\/p>\n<h4 style=\"text-align: center;\">Junta Isl\u00e1mica es una organizaci\u00f3n sin \u00e1nimo de lucro, de \u00e1mbito nacional, fundada en el a\u00f1o 1.989, con el objetivo principal de acompa\u00f1ar espiritualmente y contribuir a la consecuci\u00f3n de los derechos civiles de la ciudadan\u00eda musulmana en Espa\u00f1a. Realizamos nuestro trabajo, siempre en defensa de los derechos y obligaciones de los ciudadanos diversos, desde los valores de la Sunna con un enfoque independiente y progresista.<\/h4>\n<p>[\/vc_column_text][vc_separator color=&#8221;custom&#8221; border_width=&#8221;2&#8243; accent_color=&#8221;#028926&#8243;][vc_empty_space][vc_column_text]<\/p>\n<h2 style=\"text-align: center;\">\u00bfQu\u00e9 es Junta Isl\u00e1mica?<\/h2>\n<p>[\/vc_column_text][vc_video link=&#8221;https:\/\/www.youtube.com\/watch?v=rssblHvumo0&#8243; el_width=&#8221;60&#8243; align=&#8221;center&#8221;][vc_empty_space height=&#8221;39px&#8221;][vc_text_separator title=&#8221;CONOCE NUESTRO TRABAJO&#8221; color=&#8221;custom&#8221; border_width=&#8221;4&#8243; el_width=&#8221;80&#8243; accent_color=&#8221;#028926&#8243;][vc_row_inner][vc_column_inner width=&#8221;1\/3&#8243;][vc_single_image image=&#8221;128&#8243; img_size=&#8221;full&#8221; alignment=&#8221;center&#8221; onclick=&#8221;custom_link&#8221; link=&#8221;https:\/\/www.juntaislamica.org\/?page_id=17&#8243;][vc_column_text]<\/p>\n<h4 style=\"text-align: center;\"><strong>Sobre nosotros, misi\u00f3n y visi\u00f3n<\/strong><\/h4>\n<p>[\/vc_column_text][\/vc_column_inner][vc_column_inner width=&#8221;1\/3&#8243;][vc_single_image image=&#8221;125&#8243; img_size=&#8221;full&#8221; alignment=&#8221;center&#8221; onclick=&#8221;custom_link&#8221; link=&#8221;https:\/\/www.juntaislamica.org\/?page_id=2&#8243;][vc_column_text]<\/p>\n<h4 style=\"text-align: center;\"><strong>Nuestras actividades y proyectos<\/strong><\/h4>\n<p>[\/vc_column_text][\/vc_column_inner][vc_column_inner width=&#8221;1\/3&#8243;][vc_single_image image=&#8221;124&#8243; img_size=&#8221;full&#8221; alignment=&#8221;center&#8221; onclick=&#8221;custom_link&#8221; link=&#8221;https:\/\/www.juntaislamica.org\/?page_id=20&#8243;][vc_column_text]<\/p>\n<h4 style=\"text-align: center;\"><strong>Nuestras publicaciones<\/strong><\/h4>\n<p>[\/vc_column_text][\/vc_column_inner][\/vc_row_inner][vc_empty_space][vc_separator color=&#8221;custom&#8221; border_width=&#8221;3&#8243; el_width=&#8221;80&#8243; accent_color=&#8221;#028926&#8243;]<blockquote class=\"tm-sc tm-sc-blockquote blockquote-style4  border-left-theme-colored \">\r\n\t<p style=\"color: #028926; font-style: italic\">Ciertamente All\u0101h ama a los que se vuelven hac\u00eda \u00c9l y a los que purificados est\u00e1n (Cor\u00e1n 2:222)<\/p>\r\n\t<footer><cite ><\/cite><\/footer>\r\n<\/blockquote>[vc_empty_space height=&#8221;70px&#8221;][vc_text_separator title=&#8221;PENSAMIENTO VIVO&#8221; color=&#8221;custom&#8221; border_width=&#8221;3&#8243; el_width=&#8221;80&#8243; accent_color=&#8221;#028926&#8243;][vc_row_inner equal_height=&#8221;yes&#8221; content_placement=&#8221;top&#8221;][vc_column_inner width=&#8221;1\/3&#8243;][vc_column_text]<\/p>\n<h3>&#8220;Los caminos del Hajj deben ser sostenibles&#8221;<\/h3>\n<p>[\/vc_column_text][vc_video link=&#8221;https:\/\/www.youtube.com\/watch?v=VyyakS-WTE8&#8243;][vc_column_text]<\/p>\n<div id=\"meta\" class=\"style-scope ytd-watch-flexy\">\n<div id=\"meta-contents\" class=\"style-scope ytd-watch-flexy\">\n<div id=\"container\" class=\"style-scope ytd-video-secondary-info-renderer\">\n<div id=\"content\" class=\"style-scope ytd-expander\">\n<div id=\"description\" class=\"style-scope ytd-video-secondary-info-renderer\">&#8220;Los caminos del Hajj deben ser sostenibles&#8221; es una reflexi\u00f3n sobre como el Hajj (peregrinaje musulm\u00e1n) debe convertirse en eco-friendly y sostenibles medioambietalmente con Antonio de Diego.<\/div>\n<\/div>\n<\/div>\n<\/div>\n<\/div>\n<p>[\/vc_column_text][\/vc_column_inner][vc_column_inner width=&#8221;1\/3&#8243;][vc_column_text]<\/p>\n<h3 style=\"text-align: center;\">&#8220;Rompiendo estereotipos: El hijab en el coraz\u00f3n&#8221;<\/h3>\n<p>[\/vc_column_text][vc_video link=&#8221;https:\/\/www.youtube.com\/watch?v=WUJiyDzy53Q&#8221;][vc_column_text]&#8221;Rompiendo estereotipos&#8221; fue la Intervenci\u00f3n de\u00a0Isabel Romero en el segundo\u00a0Foro FEMME, sobre el papel de la mujer en la sociedad civil musulmana. As\u00ed, se busca normalizar a la mujer musulmana a d\u00eda de hoy y desmontar tab\u00faes y mitos.[\/vc_column_text][\/vc_column_inner][vc_column_inner width=&#8221;1\/3&#8243;][vc_column_text]<\/p>\n<h3>&#8220;\u00bfQu\u00e9 es islam?&#8221; con Hashim Cabrera<\/h3>\n<p>[\/vc_column_text][vc_video link=&#8221;https:\/\/www.youtube.com\/watch?v=_IRusvW8eSQ&#8221; align=&#8221;center&#8221;][vc_column_text]Con motivo de su exposici\u00f3n &#8220;Maqamat&#8221; (Estaciones), el artista pl\u00e1stico Hashim Cabrera nos habla de Islam y de Arte Contempor\u00e1neo. Este es un viaje acerca de su experiencia del islam y la trascedencia de este en el mundo.[\/vc_column_text][\/vc_column_inner][\/vc_row_inner][vc_empty_space][vc_empty_space][vc_text_separator title=&#8221;NUESTROS DESARROLLOS&#8221; color=&#8221;custom&#8221; border_width=&#8221;3&#8243; el_width=&#8221;80&#8243; accent_color=&#8221;#028926&#8243;][vc_column_text]<\/p>\n<h5 style=\"text-align: center;\">Construyendo iniciativas para la ciudadan\u00eda musulmana<\/h5>\n<p>[\/vc_column_text][vc_row_inner][vc_column_inner width=&#8221;1\/5&#8243;][vc_empty_space height=&#8221;30px&#8221;][vc_single_image image=&#8221;85&#8243; img_size=&#8221;120&#215;120&#8243; alignment=&#8221;center&#8221; onclick=&#8221;custom_link&#8221; img_link_target=&#8221;_blank&#8221; link=&#8221;http:\/\/www.institutohalal.com&#8221;][\/vc_column_inner][vc_column_inner width=&#8221;1\/5&#8243;][vc_empty_space][vc_single_image image=&#8221;90&#8243; img_size=&#8221;120&#215;120&#8243; alignment=&#8221;center&#8221; onclick=&#8221;custom_link&#8221; img_link_target=&#8221;_blank&#8221; link=&#8221;http:\/\/www.fundacionlasfuentes.org&#8221;][\/vc_column_inner][vc_column_inner width=&#8221;1\/5&#8243;][vc_empty_space][vc_single_image image=&#8221;399&#8243; img_size=&#8221;300&#215;150&#8243; alignment=&#8221;center&#8221; onclick=&#8221;custom_link&#8221; img_link_target=&#8221;_blank&#8221; link=&#8221;http:\/\/foroibnmasarra.juntaislamica.org&#8221;][\/vc_column_inner][vc_column_inner width=&#8221;1\/5&#8243;][vc_empty_space height=&#8221;50px&#8221;][vc_single_image image=&#8221;408&#8243; img_size=&#8221;200&#215;100&#8243; onclick=&#8221;custom_link&#8221; img_link_target=&#8221;_blank&#8221; link=&#8221;http:\/\/www.verislam.com&#8221;][\/vc_column_inner][vc_column_inner width=&#8221;1\/5&#8243;][vc_empty_space height=&#8221;91px&#8221;][vc_single_image image=&#8221;167&#8243; img_size=&#8221;1500&#215;250&#8243; alignment=&#8221;center&#8221; onclick=&#8221;custom_link&#8221; img_link_target=&#8221;_blank&#8221; link=&#8221;http:\/\/www.fecim.org&#8221;][\/vc_column_inner][\/vc_row_inner][\/vc_column][\/vc_row][vc_row][vc_column][vc_media_grid grid_id=&#8221;vc_gid:1643197448265-bd6cf54b-8162-4&#8243;][\/vc_column][\/vc_row]<\/p>\n","protected":false},"excerpt":{"rendered":"<p>Junta Isl\u00e1mica es una organizaci\u00f3n con el objetivo principal de acompa\u00f1ar espiritualmente y contribuir a la consecuci\u00f3n de los derechos civiles de la ciudadan\u00eda musulmana<\/p>\n","protected":false},"author":2,"featured_media":115,"parent":0,"menu_order":0,"comment_status":"closed","ping_status":"closed","template":"","meta":{"footnotes":""},"class_list":["post-422","page","type-page","status-publish","has-post-thumbnail","hentry"],"_links":{"self":[{"href":"https:\/\/www.juntaislamica.org\/index.php?rest_route=\/wp\/v2\/pages\/422","targetHints":{"allow":["GET"]}}],"collection":[{"href":"https:\/\/www.juntaislamica.org\/index.php?rest_route=\/wp\/v2\/pages"}],"about":[{"href":"https:\/\/www.juntaislamica.org\/index.php?rest_route=\/wp\/v2\/types\/page"}],"author":[{"embeddable":true,"href":"https:\/\/www.juntaislamica.org\/index.php?rest_route=\/wp\/v2\/users\/2"}],"replies":[{"embeddable":true,"href":"https:\/\/www.juntaislamica.org\/index.php?rest_route=%2Fwp%2Fv2%2Fcomments&post=422"}],"version-history":[{"count":3,"href":"https:\/\/www.juntaislamica.org\/index.php?rest_route=\/wp\/v2\/pages\/422\/revisions"}],"predecessor-version":[{"id":464,"href":"https:\/\/www.juntaislamica.org\/index.php?rest_route=\/wp\/v2\/pages\/422\/revisions\/464"}],"wp:featuredmedia":[{"embeddable":true,"href":"https:\/\/www.juntaislamica.org\/index.php?rest_route=\/wp\/v2\/media\/115"}],"wp:attachment":[{"href":"https:\/\/www.juntaislamica.org\/index.php?rest_route=%2Fwp%2Fv2%2Fmedia&parent=422"}],"curies":[{"name":"wp","href":"https:\/\/api.w.org\/{rel}","templated":true}]}}