{"id":29,"date":"2021-08-24T12:09:44","date_gmt":"2021-08-24T12:09:44","guid":{"rendered":"http:\/\/www.juntaislamica.org\/?page_id=29"},"modified":"2021-09-20T16:18:21","modified_gmt":"2021-09-20T16:18:21","slug":"proyectos","status":"publish","type":"page","link":"https:\/\/www.juntaislamica.org\/?page_id=29","title":{"rendered":"Proyectos"},"content":{"rendered":"<p>[vc_row][vc_column][vc_column_text]<\/p>\n<h4>Desde hace 25 a\u00f1os Junta Isl\u00e1mica trabaja en el desarrollo de diversos proyectos sobre el\u00a0islam, fomentando valores democr\u00e1ticos y de convivencia entre diferentes colectivos en un espacio aconfesional, desde el respeto, la educaci\u00f3n y el conocimiento mutuo.<\/h4>\n<div class=\"wp-block-image\"><\/div>\n<p>[\/vc_column_text][vc_text_separator title=&#8221;PANOR\u00c1MICO DE NUESTROS PROYECTOS&#8221; color=&#8221;custom&#8221; accent_color=&#8221;#028926&#8243;][vc_single_image image=&#8221;389&#8243; img_size=&#8221;1752&#215;1239&#8243; add_caption=&#8221;yes&#8221; alignment=&#8221;center&#8221;][vc_text_separator title=&#8221;NUESTROS PRINCIPALES PROYECTOS Y DESARROLLOS&#8221; color=&#8221;custom&#8221; accent_color=&#8221;#028926&#8243;][vc_row_inner][vc_column_inner width=&#8221;2\/6&#8243;][vc_single_image image=&#8221;85&#8243; alignment=&#8221;center&#8221;][\/vc_column_inner][vc_column_inner width=&#8221;4\/6&#8243;][vc_column_text]<strong><a href=\"http:\/\/www.institutohalal.com\" target=\"_blank\" rel=\"noreferrer noopener\">El Instituto Halal de Junta Isl\u00e1mica<\/a><\/strong>\u00a0es un organismo isl\u00e1mico y t\u00e9cnico dedicado a regular, controlar y certificar los alimentos, productos y servicios que son destinados al consumo por parte de musulmanes en el \u00e1mbito de Espa\u00f1a, la UE y pa\u00edses de mayor\u00eda musulmana. Su campo de trabajo no solo se limita a la industria agro-alimentaria sino que, de igual modo, se han hecho desarrollos en el sector tur\u00edstico (Halal International Tourism), marketing halal o ciencia halal e I+D+i impulsando actividades internacionales conjuntas.<\/p>\n<p>Desde Instituto Halal se practica una pol\u00edtica de cooperaci\u00f3n y colaboraci\u00f3n en materia de relaciones internacionales con todos los organismos isl\u00e1micos internacionales como la Organizaci\u00f3n Isl\u00e1mica de Cooperaci\u00f3n (OIC), la Muslim World League (MWL), EIAC (Emiratos \u00c1rabes Unidos), Gobierno de Qatar, JAKIM (Malasia) o MUI (Indonesia). De igual modo, Instituto Halal a trav\u00e9s de Escuela Halal ofrece formaci\u00f3n en el \u00e1mbito t\u00e9cnico de halal y en el sector del emprendimiento.[\/vc_column_text][\/vc_column_inner][\/vc_row_inner][vc_separator color=&#8221;custom&#8221; border_width=&#8221;2&#8243; el_width=&#8221;70&#8243; accent_color=&#8221;#028926&#8243;][vc_row_inner][vc_column_inner width=&#8221;2\/6&#8243;][vc_single_image image=&#8221;90&#8243; alignment=&#8221;center&#8221;][\/vc_column_inner][vc_column_inner width=&#8221;4\/6&#8243;][vc_column_text]<a href=\"http:\/\/www.fundacionlasfuentes.org\"><strong>Fundaci\u00f3n las Fuentes de Junta Isl\u00e1mica<\/strong><\/a> es una organizaci\u00f3n privada sin \u00e1nimo de lucro, aconfesional, cuyo objeto principal es el conocimiento y la divulgaci\u00f3n de las principales expresiones de las corrientes culturales y espirituales universales, y sus diversas manifestaciones en las sociedades contempor\u00e1neas. Es un instrumento para mejorar la comprensi\u00f3n y aceptaci\u00f3n de las m\u00faltiples realidades que hoy conviven en nuestro pa\u00eds sobre la base de una vivencia y experiencia com\u00fan, desde distintas \u00f3pticas culturales, espirituales, sociales y tambi\u00e9n ideol\u00f3gicas, desalojadas de prejuicios y descontextualizadas de visiones culturalistas, populistas o radicales.[\/vc_column_text][\/vc_column_inner][\/vc_row_inner][vc_separator color=&#8221;custom&#8221; border_width=&#8221;2&#8243; el_width=&#8221;70&#8243; accent_color=&#8221;#028926&#8243;][vc_row_inner][vc_column_inner width=&#8221;2\/6&#8243;][vc_single_image image=&#8221;88&#8243; img_size=&#8221;medium&#8221; alignment=&#8221;center&#8221;][\/vc_column_inner][vc_column_inner width=&#8221;4\/6&#8243;][vc_column_text]<strong><a href=\"http:\/\/www.verislam.com\" target=\"_blank\" rel=\"noreferrer noopener\">VerIslam.com<\/a>\u00a0<\/strong>es un portal en Internet en espa\u00f1ol y una comunidad virtual, abierta al di\u00e1logo y a la creaci\u00f3n de pensamiento. Durante m\u00e1s de veinte a\u00f1os, fue\u00a0<strong>WebIslam.com<\/strong>\u00a0que ha estado presente en la Red desde 1997. WebIslam ha sido considerada una p\u00e1gina pionera y una referencia importante en lengua espa\u00f1ola, sobre el islam y los musulmanes en Internet. El pasado a\u00f1o 2018, y coincidiendo con su veinte aniversario ha recibido una importante transformaci\u00f3n est\u00e9tica y editorial, pas\u00e1ndose a llamar VerIslam. Convirti\u00e9ndose en una publicaci\u00f3n joven, din\u00e1mica y renovada que busca conectar con una nueva generaci\u00f3n de musulmanes hispanohablantes con gran potencial social.\u00a0El origen de ambas publicaciones est\u00e1 en <strong>VerdeIslam<\/strong>.[\/vc_column_text][\/vc_column_inner][\/vc_row_inner][vc_empty_space height=&#8221;15px&#8221;][vc_row_inner][vc_column_inner width=&#8221;2\/6&#8243;][vc_single_image image=&#8221;229&#8243; img_size=&#8221;medium&#8221; alignment=&#8221;center&#8221;][vc_empty_space height=&#8221;70px&#8221;][vc_single_image image=&#8221;91&#8243; img_size=&#8221;medium&#8221; alignment=&#8221;center&#8221;][\/vc_column_inner][vc_column_inner width=&#8221;4\/6&#8243;][vc_column_text]El<strong>\u00a0Centro de Documentaci\u00f3n y Publicaciones Isl\u00e1micas (CDPI)<\/strong>\u00a0es la rama editorial de Junta Isl\u00e1mica, que ha publicado m\u00e1s de 25 libros, en papel y otros tantos en formato electr\u00f3nico. Todos ellos son, actualmente, accesibles desde VerIslam de forma gratuita. Entre ellos destaca una traducci\u00f3n del Cor\u00e1n, o las primeras ediciones en castellano de las compilaciones de dichos del Profeta. Actualmente este departamento es responsable del desarrollo y supervisi\u00f3n del\u00a0<strong>Centro de Informaci\u00f3n y Consultor\u00eda<\/strong>\u00a0tiene por objetivo dar respuesta a la creciente demanda de informaci\u00f3n y asesor\u00eda por parte de la sociedad civil, medios de comunicaci\u00f3n, profesionales y acad\u00e9micos. Junta Isl\u00e1mica tambi\u00e9n realiza labores de consultor\u00eda acerca del islam en sus diferentes dimensiones cultural, pol\u00edtica, econ\u00f3mica, religiosa, etc. Desde ambos departamentos se han impulsado congresos y seminarios como el\u00a0<em>I Congreso de musulmanes de habla Hispana: \u201cEl Islam en las Dos Orillas\u201d<\/em>\u00a0(2003), el seminario\u00a0<em>\u201cAlianza de Civilizaciones, Alianza por la Paz\u201d<\/em>(2007), cuatro ediciones del\u00a0<em>Congreso de Feminismo Isl\u00e1mico<\/em>\u00a0(2005, 2006, 2009, 2010), o el ciclo \u201cCiudadan\u00eda e Islam\u201d en el marco de\u00a0<em>Noches de Ramad\u00e1n<\/em>\u00a0(2018) entre otras muchas actividades.<\/p>\n<p><img loading=\"lazy\" decoding=\"async\" class=\" wp-image-218 alignright\" src=\"https:\/\/www.juntaislamica.org\/wp-content\/uploads\/2021\/09\/23463_portada-libro-alianza_big-300x280.jpg\" alt=\"\" width=\"233\" height=\"217\" srcset=\"https:\/\/www.juntaislamica.org\/wp-content\/uploads\/2021\/09\/23463_portada-libro-alianza_big-300x280.jpg 300w, https:\/\/www.juntaislamica.org\/wp-content\/uploads\/2021\/09\/23463_portada-libro-alianza_big.jpg 345w\" sizes=\"auto, (max-width: 233px) 100vw, 233px\" \/><\/p>\n<p>&nbsp;<\/p>\n<p>El Centro de Documentaci\u00f3n y Publicaciones Isl\u00e1micas (CDPI) public\u00f3 desde 1995, y durante 10 a\u00f1os, la revista de informaci\u00f3n y pensamiento\u00a0<a href=\"http:\/\/wwhttp\/www.webislam.com\/biblioteca\/59345-verde_islam.htmlw.webislam.com\/biblioteca\/59345-verde_islam.html\" target=\"_blank\" rel=\"noreferrer noopener\">Verde Islam<\/a>. Por ella han transitado todos los grandes pensadores contempor\u00e1neos del islam espa\u00f1ol y europeo.\u00a0Sus 22 n\u00fameros editados en papel pueden consultarse o bajarse gratuitamente en PDF desde VerIslam.[\/vc_column_text][\/vc_column_inner][\/vc_row_inner][vc_empty_space height=&#8221;45 px&#8221;][vc_separator color=&#8221;custom&#8221; border_width=&#8221;2&#8243; el_width=&#8221;70&#8243; accent_color=&#8221;#028926&#8243;][vc_row_inner][vc_column_inner width=&#8221;2\/6&#8243;][vc_single_image image=&#8221;167&#8243; img_size=&#8221;1500&#215;250&#8243; alignment=&#8221;center&#8221;][\/vc_column_inner][vc_column_inner width=&#8221;4\/6&#8243;][vc_column_text]La <strong>federaci\u00f3n de comunidades isl\u00e1micas Ibn Masarra\u00a0<\/strong>(FECIM) es un proyecto asociativo enfocado a la diversidad de la comunidad musulmana en Espa\u00f1a. Pretendemos colaborar al cambio social y ayudar a normalizar la situaci\u00f3n de los musulmanes espa\u00f1oles contribuyendo a mejorar la percepci\u00f3n de la diversidad den nuestro pa\u00eds.<\/p>\n<p>FECIM naci\u00f3 en C\u00f3rdoba en el Ramad\u00e1n de 2019 de la mano de Junta Isl\u00e1mica, de la Comunidad Isl\u00e1mica al-Basir y de la Comunidad Isl\u00e1mica Cheij Ma-El Ainin. A ellas, en estos meses, se han ido sumando otras comunidades de toda la geograf\u00eda espa\u00f1ola.<\/p>\n<p>Nuestro proyecto es trabajar, desde una posici\u00f3n de completa independencia ideol\u00f3gica, la reflexi\u00f3n constante de los retos del mundo contempor\u00e1neo y su aplicaci\u00f3n a una vivencia del islam en el siglo XXI.[\/vc_column_text][\/vc_column_inner][\/vc_row_inner][vc_separator color=&#8221;custom&#8221; border_width=&#8221;2&#8243; el_width=&#8221;70&#8243; accent_color=&#8221;#028926&#8243;][vc_row_inner][vc_column_inner width=&#8221;2\/6&#8243;][vc_single_image image=&#8221;211&#8243; img_size=&#8221;medium&#8221; alignment=&#8221;center&#8221;][\/vc_column_inner][vc_column_inner width=&#8221;4\/6&#8243;][vc_column_text]<strong>Educaci\u00f3n isl\u00e1mica en Espa\u00f1a<\/strong>. En esta \u00e1rea, Junta Isl\u00e1mica ha llevado un activo trabajo de interlocuci\u00f3n y consultor\u00eda con las diferentes Administraciones para la implantaci\u00f3n de la ense\u00f1anza del islam en los Centros Docentes P\u00fablicos. Ha prestado asesor\u00eda y consultor\u00eda a la CIE y al Ministerio de Justicia. En el \u00e1mbito universitario, Junta Isl\u00e1mica junto con docentes de la UNED dise\u00f1aron y pusieron en marcha, en los cursos acad\u00e9micos 2005\/06 y 2006\/07, un posgrado titulado \u201cExperto profesional en cultura, civilizaci\u00f3n y religi\u00f3n isl\u00e1micas\u201d. Hoy este trabajo prosigue por medio de la Fundaci\u00f3n Las Fuentes.<\/p>\n<p>En la actualidad, Junta Isl\u00e1mica colabora con la Fundaci\u00f3n las Fuentes en innovaci\u00f3n y desarrollo de ense\u00f1anzas isl\u00e1micas, y con Escuela Halal para la actualizaci\u00f3n de aspectos educativos en <em>sharia <\/em>(ley isl\u00e1mica)\u00a0para el sector halal.[\/vc_column_text][\/vc_column_inner][\/vc_row_inner][\/vc_column][vc_column][\/vc_column][\/vc_row]<\/p>\n","protected":false},"excerpt":{"rendered":"<p>[vc_row][vc_column][vc_column_text] Desde hace 25 a\u00f1os Junta Isl\u00e1mica trabaja en el desarrollo de diversos proyectos sobre el\u00a0islam, fomentando valores democr\u00e1ticos y&#8230;<\/p>\n","protected":false},"author":2,"featured_media":0,"parent":0,"menu_order":0,"comment_status":"closed","ping_status":"closed","template":"","meta":{"footnotes":""},"class_list":["post-29","page","type-page","status-publish","hentry"],"_links":{"self":[{"href":"https:\/\/www.juntaislamica.org\/index.php?rest_route=\/wp\/v2\/pages\/29","targetHints":{"allow":["GET"]}}],"collection":[{"href":"https:\/\/www.juntaislamica.org\/index.php?rest_route=\/wp\/v2\/pages"}],"about":[{"href":"https:\/\/www.juntaislamica.org\/index.php?rest_route=\/wp\/v2\/types\/page"}],"author":[{"embeddable":true,"href":"https:\/\/www.juntaislamica.org\/index.php?rest_route=\/wp\/v2\/users\/2"}],"replies":[{"embeddable":true,"href":"https:\/\/www.juntaislamica.org\/index.php?rest_route=%2Fwp%2Fv2%2Fcomments&post=29"}],"version-history":[{"count":37,"href":"https:\/\/www.juntaislamica.org\/index.php?rest_route=\/wp\/v2\/pages\/29\/revisions"}],"predecessor-version":[{"id":210,"href":"https:\/\/www.juntaislamica.org\/index.php?rest_route=\/wp\/v2\/pages\/29\/revisions\/210"}],"wp:attachment":[{"href":"https:\/\/www.juntaislamica.org\/index.php?rest_route=%2Fwp%2Fv2%2Fmedia&parent=29"}],"curies":[{"name":"wp","href":"https:\/\/api.w.org\/{rel}","templated":true}]}}